{"id":1307,"date":"2022-06-28T03:24:19","date_gmt":"2022-06-28T03:24:19","guid":{"rendered":"https:\/\/geocad.com.py\/nuevo\/?page_id=1307"},"modified":"2022-07-13T15:24:28","modified_gmt":"2022-07-13T15:24:28","slug":"urbanas","status":"publish","type":"page","link":"https:\/\/geocad.com.py\/index.php\/urbanas\/","title":{"rendered":"Urbanas"},"content":{"rendered":"<p><div class=\"fusion-fullwidth fullwidth-box fusion-builder-row-1 fusion-flex-container nonhundred-percent-fullwidth non-hundred-percent-height-scrolling\" style=\"--awb-border-radius-top-left:0px;--awb-border-radius-top-right:0px;--awb-border-radius-bottom-right:0px;--awb-border-radius-bottom-left:0px;--awb-flex-wrap:wrap;\" ><div class=\"fusion-builder-row fusion-row fusion-flex-align-items-flex-start fusion-flex-content-wrap\" style=\"max-width:1216.8px;margin-left: calc(-4% \/ 2 );margin-right: calc(-4% \/ 2 );\"><div class=\"fusion-layout-column fusion_builder_column fusion-builder-column-0 fusion_builder_column_1_2 1_2 fusion-flex-column\" style=\"--awb-bg-size:cover;--awb-width-large:50%;--awb-margin-top-large:0px;--awb-spacing-right-large:3.84%;--awb-margin-bottom-large:20px;--awb-spacing-left-large:3.84%;--awb-width-medium:100%;--awb-order-medium:0;--awb-spacing-right-medium:1.92%;--awb-spacing-left-medium:1.92%;--awb-width-small:100%;--awb-order-small:0;--awb-spacing-right-small:1.92%;--awb-spacing-left-small:1.92%;\"><div class=\"fusion-column-wrapper fusion-column-has-shadow fusion-flex-justify-content-flex-start fusion-content-layout-column\"><div class=\"fusion-title title fusion-title-1 fusion-sep-none fusion-title-text fusion-title-size-one\"><h1 class=\"fusion-title-heading title-heading-left fusion-responsive-typography-calculated\" style=\"margin:0;text-transform:capitalize;--fontSize:60;line-height:var(--awb-typography1-line-height);\"><h2 style=\"margin-top: 0cm; background: white;\"><span style=\"font-family: 'Open Sans',sans-serif; color: #5a5d62; letter-spacing: .1pt;\">TASACIONES URBANAS<\/span><\/h2><\/h1><\/div><\/div><\/div><div class=\"fusion-layout-column fusion_builder_column fusion-builder-column-1 fusion_builder_column_1_2 1_2 fusion-flex-column\" style=\"--awb-bg-size:cover;--awb-width-large:50%;--awb-margin-top-large:0px;--awb-spacing-right-large:3.84%;--awb-margin-bottom-large:20px;--awb-spacing-left-large:3.84%;--awb-width-medium:100%;--awb-order-medium:0;--awb-spacing-right-medium:1.92%;--awb-spacing-left-medium:1.92%;--awb-width-small:100%;--awb-order-small:0;--awb-spacing-right-small:1.92%;--awb-spacing-left-small:1.92%;\"><div class=\"fusion-column-wrapper fusion-column-has-shadow fusion-flex-justify-content-flex-start fusion-content-layout-column\"><div class=\"fusion-image-element \" style=\"text-align:right;--awb-aspect-ratio:3 \/ 1;--awb-object-position:45% 99%;--awb-caption-title-font-family:var(--h2_typography-font-family);--awb-caption-title-font-weight:var(--h2_typography-font-weight);--awb-caption-title-font-style:var(--h2_typography-font-style);--awb-caption-title-size:var(--h2_typography-font-size);--awb-caption-title-transform:var(--h2_typography-text-transform);--awb-caption-title-line-height:var(--h2_typography-line-height);--awb-caption-title-letter-spacing:var(--h2_typography-letter-spacing);\"><span class=\" fusion-imageframe imageframe-dropshadow imageframe-1 hover-type-none has-aspect-ratio\" style=\"-webkit-box-shadow: 6px 6px 10px hsla(var(--awb-color7-h),var(--awb-color7-s),calc(var(--awb-color7-l) - 20%),var(--awb-color7-a));box-shadow: 6px 6px 10px hsla(var(--awb-color7-h),var(--awb-color7-s),calc(var(--awb-color7-l) - 20%),var(--awb-color7-a));\"><img decoding=\"async\" width=\"300\" height=\"135\" title=\"20220629_100539\" src=\"https:\/\/geocad.com.py\/wp-content\/uploads\/2022\/07\/20220629_100539-scaled.jpg\" data-orig-src=\"https:\/\/geocad.com.py\/wp-content\/uploads\/2022\/07\/20220629_100539-300x135.jpg\" class=\"lazyload img-responsive wp-image-1543 img-with-aspect-ratio\" data-parent-fit=\"cover\" data-parent-container=\".fusion-image-element\" alt srcset=\"data:image\/svg+xml,%3Csvg%20xmlns%3D%27http%3A%2F%2Fwww.w3.org%2F2000%2Fsvg%27%20width%3D%272560%27%20height%3D%271151%27%20viewBox%3D%270%200%202560%201151%27%3E%3Crect%20width%3D%272560%27%20height%3D%271151%27%20fill-opacity%3D%220%22%2F%3E%3C%2Fsvg%3E\" data-srcset=\"https:\/\/geocad.com.py\/wp-content\/uploads\/2022\/07\/20220629_100539-200x90.jpg 200w, https:\/\/geocad.com.py\/wp-content\/uploads\/2022\/07\/20220629_100539-400x180.jpg 400w, https:\/\/geocad.com.py\/wp-content\/uploads\/2022\/07\/20220629_100539-600x270.jpg 600w, https:\/\/geocad.com.py\/wp-content\/uploads\/2022\/07\/20220629_100539-800x360.jpg 800w, https:\/\/geocad.com.py\/wp-content\/uploads\/2022\/07\/20220629_100539-1200x540.jpg 1200w\" data-sizes=\"auto\" data-orig-sizes=\"(max-width: 800px) 100vw, (max-width: 640px) 100vw, 600px\" \/><\/span><\/div><\/div><\/div><\/div><\/div><div class=\"fusion-fullwidth fullwidth-box fusion-builder-row-2 fusion-flex-container nonhundred-percent-fullwidth non-hundred-percent-height-scrolling\" style=\"--awb-border-radius-top-left:0px;--awb-border-radius-top-right:0px;--awb-border-radius-bottom-right:0px;--awb-border-radius-bottom-left:0px;--awb-flex-wrap:wrap;\" ><div class=\"fusion-builder-row fusion-row fusion-flex-align-items-flex-start fusion-flex-content-wrap\" style=\"max-width:1216.8px;margin-left: calc(-4% \/ 2 );margin-right: calc(-4% \/ 2 );\"><div class=\"fusion-layout-column fusion_builder_column fusion-builder-column-2 fusion_builder_column_1_1 1_1 fusion-flex-column\" style=\"--awb-bg-size:cover;--awb-width-large:100%;--awb-margin-top-large:0px;--awb-spacing-right-large:1.92%;--awb-margin-bottom-large:20px;--awb-spacing-left-large:1.92%;--awb-width-medium:100%;--awb-order-medium:0;--awb-spacing-right-medium:1.92%;--awb-spacing-left-medium:1.92%;--awb-width-small:100%;--awb-order-small:0;--awb-spacing-right-small:1.92%;--awb-spacing-left-small:1.92%;\"><div class=\"fusion-column-wrapper fusion-column-has-shadow fusion-flex-justify-content-flex-start fusion-content-layout-column\"><div class=\"fusion-text fusion-text-1\"><p style=\"text-align: justify; background: white; margin: 0cm 0cm 15pt;\"><span style=\"color: #5a5d62;\">Al momento de realizar una tasaci\u00f3n se debe considerar innumerable cantidad de cuestiones que van desde el an\u00e1lisis de lo que los tasadores llamamos factores extr\u00ednsecos como la zonificaci\u00f3n, servicios, nivel socioecon\u00f3mico, etc\u00e9tera; hasta el an\u00e1lisis de factores intr\u00ednsecos como medidas del terreno, forma, nivel topogr\u00e1fico, orientaci\u00f3n cardinal, calidad de los materiales, terminaciones, antig\u00fcedad, estado de conservaci\u00f3n, principalmente. Estos son solo algunos de los par\u00e1metros que se tienen en cuenta<\/span><\/p>\n<\/div><div class=\"fusion-text fusion-text-2\"><h2 style=\"margin-top: 0cm; text-align: center; --fontSize:48; line-height: 1.33;\" data-fontsize=\"48\" data-lineheight=\"63.84px\" class=\"fusion-responsive-typography-calculated\"><span style=\"font-family: 'Open Sans', sans-serif; letter-spacing: 0.1pt;\">VISIONES Y ESTRUCTURA<\/span><\/h2>\n<p style=\"text-align: justify; margin: 0cm 0cm 15pt;\"><span style=\"font-size: 11.5pt; font-family: 'Open Sans',sans-serif; color: #5a5d62; letter-spacing: .1pt;\">La zona es el factor extr\u00ednseco por excelencia, sin duda tiene una fuerte influencia al momento de valuar, pero debemos tener presente que no es el \u00fanico factor a tener en cuenta. El precio va a estar integrado por muchos factores que un tasador sabe apreciar. Pero sin duda alguna si nos referimos al precio del m\u00b2 de tierra, en nuestra ciudad hay zonas m\u00e1s privilegiadas que otras, y esto impacta inevitablemente sobre el precio<\/span><\/p>\n<\/div><\/div><\/div><\/div><\/div><div class=\"fusion-fullwidth fullwidth-box fusion-builder-row-3 fusion-flex-container nonhundred-percent-fullwidth non-hundred-percent-height-scrolling\" style=\"--awb-border-radius-top-left:0px;--awb-border-radius-top-right:0px;--awb-border-radius-bottom-right:0px;--awb-border-radius-bottom-left:0px;--awb-flex-wrap:wrap;\" ><div class=\"fusion-builder-row fusion-row fusion-flex-align-items-flex-start fusion-flex-content-wrap\" style=\"max-width:1216.8px;margin-left: calc(-4% \/ 2 );margin-right: calc(-4% \/ 2 );\"><div class=\"fusion-layout-column fusion_builder_column fusion-builder-column-3 fusion_builder_column_1_1 1_1 fusion-flex-column\" style=\"--awb-bg-size:cover;--awb-width-large:100%;--awb-margin-top-large:0px;--awb-spacing-right-large:1.92%;--awb-margin-bottom-large:20px;--awb-spacing-left-large:1.92%;--awb-width-medium:100%;--awb-order-medium:0;--awb-spacing-right-medium:1.92%;--awb-spacing-left-medium:1.92%;--awb-width-small:100%;--awb-order-small:0;--awb-spacing-right-small:1.92%;--awb-spacing-left-small:1.92%;\"><div class=\"fusion-column-wrapper fusion-column-has-shadow fusion-flex-justify-content-flex-start fusion-content-layout-column\"><div class=\"fusion-separator fusion-full-width-sep\" style=\"align-self: center;margin-left: auto;margin-right: auto;width:100%;\"><div class=\"fusion-separator-border sep-double\" style=\"--awb-height:20px;--awb-amount:20px;border-color:var(--awb-color4);border-top-width:1px;border-bottom-width:1px;\"><\/div><\/div><\/div><\/div><\/div><\/div><div class=\"fusion-fullwidth fullwidth-box fusion-builder-row-4 fusion-flex-container nonhundred-percent-fullwidth non-hundred-percent-height-scrolling\" style=\"--awb-border-radius-top-left:0px;--awb-border-radius-top-right:0px;--awb-border-radius-bottom-right:0px;--awb-border-radius-bottom-left:0px;--awb-flex-wrap:wrap;\" ><div class=\"fusion-builder-row fusion-row fusion-flex-align-items-flex-start fusion-flex-content-wrap\" style=\"max-width:1216.8px;margin-left: calc(-4% \/ 2 );margin-right: calc(-4% \/ 2 );\"><div class=\"fusion-layout-column fusion_builder_column fusion-builder-column-4 fusion_builder_column_1_4 1_4 fusion-flex-column\" style=\"--awb-bg-size:cover;--awb-width-large:25%;--awb-margin-top-large:0px;--awb-spacing-right-large:7.68%;--awb-margin-bottom-large:20px;--awb-spacing-left-large:7.68%;--awb-width-medium:100%;--awb-order-medium:0;--awb-spacing-right-medium:1.92%;--awb-spacing-left-medium:1.92%;--awb-width-small:100%;--awb-order-small:0;--awb-spacing-right-small:1.92%;--awb-spacing-left-small:1.92%;\"><div class=\"fusion-column-wrapper fusion-column-has-shadow fusion-flex-justify-content-flex-start fusion-content-layout-column\"><div class=\"fusion-text fusion-text-3\"><p style=\"text-align: center;\"><strong>Apueste en nosotros<\/strong><\/p>\n<p style=\"text-align: justify; \">Su empresa desde el principio al final estar\u00e1 puntual y personalmente informada, tanto del desarrollo de los trabajos como de las posibles incidencias.<\/p>\n<\/div><\/div><\/div><div class=\"fusion-layout-column fusion_builder_column fusion-builder-column-5 fusion_builder_column_1_4 1_4 fusion-flex-column\" style=\"--awb-bg-size:cover;--awb-width-large:25%;--awb-margin-top-large:0px;--awb-spacing-right-large:7.68%;--awb-margin-bottom-large:20px;--awb-spacing-left-large:7.68%;--awb-width-medium:100%;--awb-order-medium:0;--awb-spacing-right-medium:1.92%;--awb-spacing-left-medium:1.92%;--awb-width-small:100%;--awb-order-small:0;--awb-spacing-right-small:1.92%;--awb-spacing-left-small:1.92%;\"><div class=\"fusion-column-wrapper fusion-column-has-shadow fusion-flex-justify-content-flex-start fusion-content-layout-column\"><div class=\"fusion-text fusion-text-4\"><table style=\"text-align: justify; height: 186px;\" width=\"277\">\n<tbody>\n<tr>\n<td width=\"156\">\n<p style=\"text-align: center;\"><strong>Calidad<\/strong><\/p>\n<\/td>\n<\/tr>\n<tr>\n<td width=\"156\">Todos nuestros proyectos est\u00e1n realizados por profesionales, son aprobados y certificados en los Entes pertinentes.<\/td>\n<\/tr>\n<\/tbody>\n<\/table>\n<\/div><\/div><\/div><div class=\"fusion-layout-column fusion_builder_column fusion-builder-column-6 fusion_builder_column_1_4 1_4 fusion-flex-column\" style=\"--awb-bg-size:cover;--awb-width-large:25%;--awb-margin-top-large:0px;--awb-spacing-right-large:7.68%;--awb-margin-bottom-large:20px;--awb-spacing-left-large:7.68%;--awb-width-medium:100%;--awb-order-medium:0;--awb-spacing-right-medium:1.92%;--awb-spacing-left-medium:1.92%;--awb-width-small:100%;--awb-order-small:0;--awb-spacing-right-small:1.92%;--awb-spacing-left-small:1.92%;\"><div class=\"fusion-column-wrapper fusion-column-has-shadow fusion-flex-justify-content-flex-start fusion-content-layout-column\"><div class=\"fusion-text fusion-text-5\"><table style=\"text-align: justify; height: 219px;\" width=\"240\">\n<tbody>\n<tr>\n<td width=\"156\">\n<p style=\"text-align: center;\"><strong>Experiencia<\/strong><\/p>\n<\/td>\n<\/tr>\n<tr>\n<td width=\"156\">Tanto en la petici\u00f3n de presupuestos como en la elaboraci\u00f3n de nuestros proyectos guardamos la m\u00e1xima discreci\u00f3n y respeto a la privacidad e intimidad de nuestros clientes.<\/td>\n<\/tr>\n<\/tbody>\n<\/table>\n<\/div><\/div><\/div><div class=\"fusion-layout-column fusion_builder_column fusion-builder-column-7 fusion_builder_column_1_4 1_4 fusion-flex-column\" style=\"--awb-bg-size:cover;--awb-width-large:25%;--awb-margin-top-large:0px;--awb-spacing-right-large:7.68%;--awb-margin-bottom-large:20px;--awb-spacing-left-large:7.68%;--awb-width-medium:100%;--awb-order-medium:0;--awb-spacing-right-medium:1.92%;--awb-spacing-left-medium:1.92%;--awb-width-small:100%;--awb-order-small:0;--awb-spacing-right-small:1.92%;--awb-spacing-left-small:1.92%;\"><div class=\"fusion-column-wrapper fusion-column-has-shadow fusion-flex-justify-content-flex-start fusion-content-layout-column\"><div class=\"fusion-text fusion-text-6\"><p style=\"text-align: center;\"><strong>Confianza<\/strong><\/p>\n<p style=\"text-align: justify; \">Una empresa confiable es aquella que, a lo largo de su trayectoria, ha demostrado tener capacidad para responder y resolver los problemas.<\/p>\n<\/div><\/div><\/div><\/div><\/div><\/p>\n","protected":false},"excerpt":{"rendered":"","protected":false},"author":1,"featured_media":0,"parent":0,"menu_order":0,"comment_status":"closed","ping_status":"closed","template":"","meta":{"footnotes":""},"class_list":["post-1307","page","type-page","status-publish","hentry"],"aioseo_notices":[],"_links":{"self":[{"href":"https:\/\/geocad.com.py\/index.php\/wp-json\/wp\/v2\/pages\/1307","targetHints":{"allow":["GET"]}}],"collection":[{"href":"https:\/\/geocad.com.py\/index.php\/wp-json\/wp\/v2\/pages"}],"about":[{"href":"https:\/\/geocad.com.py\/index.php\/wp-json\/wp\/v2\/types\/page"}],"author":[{"embeddable":true,"href":"https:\/\/geocad.com.py\/index.php\/wp-json\/wp\/v2\/users\/1"}],"replies":[{"embeddable":true,"href":"https:\/\/geocad.com.py\/index.php\/wp-json\/wp\/v2\/comments?post=1307"}],"version-history":[{"count":0,"href":"https:\/\/geocad.com.py\/index.php\/wp-json\/wp\/v2\/pages\/1307\/revisions"}],"wp:attachment":[{"href":"https:\/\/geocad.com.py\/index.php\/wp-json\/wp\/v2\/media?parent=1307"}],"curies":[{"name":"wp","href":"https:\/\/api.w.org\/{rel}","templated":true}]}}