{"id":1364,"date":"2022-06-29T03:05:25","date_gmt":"2022-06-29T03:05:25","guid":{"rendered":"https:\/\/geocad.com.py\/nuevo\/?page_id=1364"},"modified":"2022-08-17T15:04:33","modified_gmt":"2022-08-17T15:04:33","slug":"sucesiones","status":"publish","type":"page","link":"https:\/\/geocad.com.py\/index.php\/sucesiones\/","title":{"rendered":"Sucesiones"},"content":{"rendered":"<p><div class=\"fusion-fullwidth fullwidth-box fusion-builder-row-1 fusion-flex-container nonhundred-percent-fullwidth non-hundred-percent-height-scrolling\" style=\"--awb-border-radius-top-left:0px;--awb-border-radius-top-right:0px;--awb-border-radius-bottom-right:0px;--awb-border-radius-bottom-left:0px;--awb-flex-wrap:wrap;\" ><div class=\"fusion-builder-row fusion-row fusion-flex-align-items-flex-start fusion-flex-content-wrap\" style=\"max-width:1216.8px;margin-left: calc(-4% \/ 2 );margin-right: calc(-4% \/ 2 );\"><div class=\"fusion-layout-column fusion_builder_column fusion-builder-column-0 fusion_builder_column_1_1 1_1 fusion-flex-column\" style=\"--awb-bg-size:cover;--awb-width-large:100%;--awb-margin-top-large:0px;--awb-spacing-right-large:1.92%;--awb-margin-bottom-large:20px;--awb-spacing-left-large:1.92%;--awb-width-medium:100%;--awb-order-medium:0;--awb-spacing-right-medium:1.92%;--awb-spacing-left-medium:1.92%;--awb-width-small:100%;--awb-order-small:0;--awb-spacing-right-small:1.92%;--awb-spacing-left-small:1.92%;\"><div class=\"fusion-column-wrapper fusion-column-has-shadow fusion-flex-justify-content-flex-start fusion-content-layout-column\"><div class=\"fusion-title title fusion-title-1 fusion-sep-none fusion-title-text fusion-title-size-one\"><h1 class=\"fusion-title-heading title-heading-left fusion-responsive-typography-calculated\" style=\"margin:0;text-transform:capitalize;--fontSize:60;line-height:var(--awb-typography1-line-height);\"><p style=\"text-align: left;\"><strong>Sucesiones<\/strong><\/p><\/h1><\/div><\/div><\/div><\/div><\/div><div class=\"fusion-fullwidth fullwidth-box fusion-builder-row-2 fusion-flex-container nonhundred-percent-fullwidth non-hundred-percent-height-scrolling\" style=\"--awb-border-radius-top-left:0px;--awb-border-radius-top-right:0px;--awb-border-radius-bottom-right:0px;--awb-border-radius-bottom-left:0px;--awb-flex-wrap:wrap;\" ><div class=\"fusion-builder-row fusion-row fusion-flex-align-items-flex-start fusion-flex-content-wrap\" style=\"max-width:1216.8px;margin-left: calc(-4% \/ 2 );margin-right: calc(-4% \/ 2 );\"><div class=\"fusion-layout-column fusion_builder_column fusion-builder-column-1 fusion_builder_column_1_1 1_1 fusion-flex-column\" style=\"--awb-bg-size:cover;--awb-width-large:100%;--awb-margin-top-large:0px;--awb-spacing-right-large:1.92%;--awb-margin-bottom-large:20px;--awb-spacing-left-large:1.92%;--awb-width-medium:100%;--awb-order-medium:0;--awb-spacing-right-medium:1.92%;--awb-spacing-left-medium:1.92%;--awb-width-small:100%;--awb-order-small:0;--awb-spacing-right-small:1.92%;--awb-spacing-left-small:1.92%;\"><div class=\"fusion-column-wrapper fusion-column-has-shadow fusion-flex-justify-content-flex-start fusion-content-layout-column\"><div class=\"fusion-text fusion-text-1\"><h1 class=\"fusion-responsive-typography-calculated\" style=\"text-align: justify; --fontsize: 60; line-height: 1.33; --fontSize:60;\" data-fontsize=\"60\" data-lineheight=\"79.8px\"><b>\u00bfQue se entiende por derecho de sucesi\u00f3n?<\/b><\/h1>\n<h4 class=\"fusion-responsive-typography-calculated\" style=\"text-align: justify; --fontsize: 24; line-height: 1.33; --fontSize:24;\" data-fontsize=\"24\" data-lineheight=\"31.92px\"><strong>Es el derecho que tienen a los que por ley o por disposici\u00f3n testamentaria v\u00e1lida tienen las personas que son llamadas a suceder al causante en los derechos activos y pasivos que componen la herencia de una persona<\/strong><\/h4>\n<h4 class=\"fusion-responsive-typography-calculated\" style=\"text-align: justify; --fontsize: 24; line-height: 1.33; --fontSize:24;\" data-fontsize=\"24\" data-lineheight=\"31.92px\"><strong>Es la transmisi\u00f3n de los bienes de una persona fallecida a una o varias personas que lo sobreviven y corresponde asimismo el patrimonio trasmitido<\/strong><\/h4>\n<h3 class=\"fusion-responsive-typography-calculated\" style=\"text-align: justify; --fontsize: 32; line-height: 1.33; --fontSize:32;\" data-fontsize=\"32\" data-lineheight=\"42.56px\"><strong>Existen dos tipos de sucesiones:<\/strong><\/h3>\n<h4 class=\"fusion-responsive-typography-calculated\" style=\"text-align: justify; --fontsize: 24; line-height: 1.33; --fontSize:24;\" data-fontsize=\"24\" data-lineheight=\"31.92px\"><strong>Sucesi\u00f3n intestamentaria<\/strong><\/h4>\n<h4 class=\"fusion-responsive-typography-calculated\" style=\"text-align: justify; --fontsize: 24; line-height: 1.33; --fontSize:24;\" data-fontsize=\"24\" data-lineheight=\"31.92px\"><strong>Sucesi\u00f3n Testamentaria<\/strong><\/h4>\n<p><strong><br \/><\/strong><\/p>\n<\/p>\n<h3 data-fontsize=\"32\" data-lineheight=\"42.56px\" class=\"fusion-responsive-typography-calculated\" style=\"--fontSize:32; line-height: 1.33;\"><b>ESTAMOS EN EL EDIFICIO GEOCAD.<\/b><\/h3>\n<p><b>CALLE ALBERDI ESQUINA CALLE 6TA Y CALLE 5TA. A UNA CUADRA DE LA SUPERCARRETERA.<\/b><\/p>\n<p><b>CIUDAD DEL ESTE &#8211; PARAGUAY<\/b><\/p>\n<p><b>TEL\u00c9FONO: 0973 14 99 44.<\/b><\/p>\n<p><b>EMAIL: JURIDICO@GEOCAD.COM.PY<\/b><\/p>\n<\/div><\/div><\/div><\/div><\/div><div class=\"fusion-fullwidth fullwidth-box fusion-builder-row-3 fusion-flex-container nonhundred-percent-fullwidth non-hundred-percent-height-scrolling\" style=\"--awb-border-radius-top-left:0px;--awb-border-radius-top-right:0px;--awb-border-radius-bottom-right:0px;--awb-border-radius-bottom-left:0px;--awb-flex-wrap:wrap;\" ><div class=\"fusion-builder-row fusion-row fusion-flex-align-items-flex-start fusion-flex-content-wrap\" style=\"max-width:1216.8px;margin-left: calc(-4% \/ 2 );margin-right: calc(-4% \/ 2 );\"><div class=\"fusion-layout-column fusion_builder_column fusion-builder-column-2 fusion_builder_column_1_4 1_4 fusion-flex-column\" style=\"--awb-bg-size:cover;--awb-width-large:25%;--awb-margin-top-large:0px;--awb-spacing-right-large:7.68%;--awb-margin-bottom-large:20px;--awb-spacing-left-large:7.68%;--awb-width-medium:100%;--awb-order-medium:0;--awb-spacing-right-medium:1.92%;--awb-spacing-left-medium:1.92%;--awb-width-small:100%;--awb-order-small:0;--awb-spacing-right-small:1.92%;--awb-spacing-left-small:1.92%;\"><div class=\"fusion-column-wrapper fusion-column-has-shadow fusion-flex-justify-content-flex-start fusion-content-layout-column\"><div class=\"fusion-text fusion-text-2\"><table style=\"text-align: justify; height: 242px;\" width=\"291\">\n<tbody>\n<tr>\n<td width=\"156\">\n<p style=\"text-align: center;\"><strong>Apueste en nosotros<\/strong><\/p>\n<p>Su empresa desde el principio al final estar\u00e1 puntual y personalmente informada, tanto del desarrollo de los trabajos como de las posibles incidencias.<\/p>\n<\/td>\n<\/tr>\n<tr>\n<td width=\"156\"> <\/td>\n<\/tr>\n<\/tbody>\n<\/table>\n<\/div><\/div><\/div><div class=\"fusion-layout-column fusion_builder_column fusion-builder-column-3 fusion_builder_column_1_4 1_4 fusion-flex-column\" style=\"--awb-bg-size:cover;--awb-width-large:25%;--awb-margin-top-large:0px;--awb-spacing-right-large:7.68%;--awb-margin-bottom-large:20px;--awb-spacing-left-large:7.68%;--awb-width-medium:100%;--awb-order-medium:0;--awb-spacing-right-medium:1.92%;--awb-spacing-left-medium:1.92%;--awb-width-small:100%;--awb-order-small:0;--awb-spacing-right-small:1.92%;--awb-spacing-left-small:1.92%;\"><div class=\"fusion-column-wrapper fusion-column-has-shadow fusion-flex-justify-content-flex-start fusion-content-layout-column\"><div class=\"fusion-text fusion-text-3\"><table style=\"text-align: justify; height: 183px;\" width=\"260\">\n<tbody>\n<tr>\n<td width=\"156\">\n<p style=\"text-align: left;\"><strong>Calidad<\/strong><\/p>\n<p>Todos nuestros proyectos est\u00e1n realizados por profesionales, son aprobados y certificados en los Entes pertinentes.<\/p>\n<\/td>\n<\/tr>\n<tr>\n<td width=\"156\"> <\/td>\n<\/tr>\n<\/tbody>\n<\/table>\n<\/div><\/div><\/div><div class=\"fusion-layout-column fusion_builder_column fusion-builder-column-4 fusion_builder_column_1_4 1_4 fusion-flex-column\" style=\"--awb-padding-right:31px;--awb-bg-size:cover;--awb-width-large:25%;--awb-margin-top-large:0px;--awb-spacing-right-large:7.68%;--awb-margin-bottom-large:20px;--awb-spacing-left-large:7.68%;--awb-width-medium:100%;--awb-order-medium:0;--awb-spacing-right-medium:1.92%;--awb-spacing-left-medium:1.92%;--awb-width-small:100%;--awb-order-small:0;--awb-spacing-right-small:1.92%;--awb-spacing-left-small:1.92%;\"><div class=\"fusion-column-wrapper fusion-column-has-shadow fusion-flex-justify-content-flex-start fusion-content-layout-column\"><div class=\"fusion-text fusion-text-4\"><table style=\"height: 242px;\" width=\"319\">\n<tbody>\n<tr>\n<td width=\"156\">\n<p style=\"text-align: center;\"><strong>Experiencia<\/strong><\/p>\n<p style=\"text-align: justify; \">Tanto en la petici\u00f3n de presupuestos como en la elaboraci\u00f3n de nuestros proyectos guardamos la m\u00e1xima discreci\u00f3n y respeto a la privacidad e intimidad de nuestros clientes.<\/p>\n<\/td>\n<\/tr>\n<tr>\n<td width=\"156\"> <\/td>\n<\/tr>\n<\/tbody>\n<\/table>\n<\/div><\/div><\/div><div class=\"fusion-layout-column fusion_builder_column fusion-builder-column-5 fusion_builder_column_1_4 1_4 fusion-flex-column\" style=\"--awb-bg-size:cover;--awb-width-large:25%;--awb-margin-top-large:0px;--awb-spacing-right-large:7.68%;--awb-margin-bottom-large:20px;--awb-spacing-left-large:7.68%;--awb-width-medium:100%;--awb-order-medium:0;--awb-spacing-right-medium:1.92%;--awb-spacing-left-medium:1.92%;--awb-width-small:100%;--awb-order-small:0;--awb-spacing-right-small:1.92%;--awb-spacing-left-small:1.92%;\"><div class=\"fusion-column-wrapper fusion-column-has-shadow fusion-flex-justify-content-flex-start fusion-content-layout-column\"><div class=\"fusion-text fusion-text-5\"><table style=\"text-align: justify; height: 233px;\" width=\"248\">\n<tbody>\n<tr>\n<td width=\"156\">\n<p style=\"text-align: center;\"><strong>Confianza<\/strong><\/p>\n<p>Una empresa confiable es aquella que, a lo largo de su trayectoria, ha demostrado tener capacidad para responder y resolver los problemas<\/p>\n<\/td>\n<\/tr>\n<tr>\n<td width=\"156\"> <\/td>\n<\/tr>\n<\/tbody>\n<\/table>\n<\/div><\/div><\/div><\/div><\/div><\/p>\n","protected":false},"excerpt":{"rendered":"","protected":false},"author":1,"featured_media":0,"parent":0,"menu_order":0,"comment_status":"closed","ping_status":"closed","template":"","meta":{"footnotes":""},"class_list":["post-1364","page","type-page","status-publish","hentry"],"aioseo_notices":[],"_links":{"self":[{"href":"https:\/\/geocad.com.py\/index.php\/wp-json\/wp\/v2\/pages\/1364","targetHints":{"allow":["GET"]}}],"collection":[{"href":"https:\/\/geocad.com.py\/index.php\/wp-json\/wp\/v2\/pages"}],"about":[{"href":"https:\/\/geocad.com.py\/index.php\/wp-json\/wp\/v2\/types\/page"}],"author":[{"embeddable":true,"href":"https:\/\/geocad.com.py\/index.php\/wp-json\/wp\/v2\/users\/1"}],"replies":[{"embeddable":true,"href":"https:\/\/geocad.com.py\/index.php\/wp-json\/wp\/v2\/comments?post=1364"}],"version-history":[{"count":0,"href":"https:\/\/geocad.com.py\/index.php\/wp-json\/wp\/v2\/pages\/1364\/revisions"}],"wp:attachment":[{"href":"https:\/\/geocad.com.py\/index.php\/wp-json\/wp\/v2\/media?parent=1364"}],"curies":[{"name":"wp","href":"https:\/\/api.w.org\/{rel}","templated":true}]}}